
{"id":2677,"date":"2025-05-08T10:06:38","date_gmt":"2025-05-08T10:06:38","guid":{"rendered":"https:\/\/www.kopundesign.de\/?page_id=2677"},"modified":"2025-05-08T10:06:41","modified_gmt":"2025-05-08T10:06:41","slug":"datenschutzerklaerung","status":"publish","type":"page","link":"https:\/\/www.kopundesign.de\/en\/datenschutzerklaerung\/","title":{"rendered":"Privacy Policy"},"content":{"rendered":"<div class=\"wp-block-group is-layout-constrained wp-block-group-is-layout-constrained\">\n<p class=\"wp-block-paragraph\">We take the protection of your personal data seriously. Your data will only be processed in accordance with legal data protection regulations.<\/p>\n\n\n\n<p class=\"wp-block-paragraph\"><strong>Responsible party:<\/strong><br>Kopun Design<br>Nikola Kopun<br>Anoniterstra\u00dfe 65, 53179 Bonn<br><a>info@kopundesign.de<\/a><\/p>\n\n\n\n<p class=\"wp-block-paragraph\"><strong>Collection and use of data:<\/strong><br>When visiting our site, technical data (e.g. IP address, browser type) may be automatically logged by the server.<\/p>\n\n\n\n<p class=\"wp-block-paragraph\"><strong>Cookies:<\/strong><br>We use cookies. You can choose to accept or decline them when visiting our site.<\/p>\n\n\n\n<p class=\"wp-block-paragraph\"><strong>Google Search Console:<\/strong><br>We use Google Search Console to analyze the visibility of our website in Google Search. No personal data is stored.<\/p>\n<\/div>","protected":false},"excerpt":{"rendered":"<p>Wir nehmen den Schutz Ihrer pers\u00f6nlichen Daten ernst. Ihre Daten werden nur gem\u00e4\u00df den gesetzlichen Datenschutzvorschriften verarbeitet. Verantwortlich:Kopun DesignNikola KopunAnoniterstra\u00dfe [&hellip;]<\/p>","protected":false},"author":1,"featured_media":0,"parent":0,"menu_order":0,"comment_status":"closed","ping_status":"closed","template":"","meta":{"_crdt_document":"","site-sidebar-layout":"default","site-content-layout":"","ast-site-content-layout":"","site-content-style":"default","site-sidebar-style":"default","ast-global-header-display":"","ast-banner-title-visibility":"","ast-main-header-display":"","ast-hfb-above-header-display":"","ast-hfb-below-header-display":"","ast-hfb-mobile-header-display":"","site-post-title":"","ast-breadcrumbs-content":"","ast-featured-img":"","footer-sml-layout":"","theme-transparent-header-meta":"","adv-header-id-meta":"","stick-header-meta":"","header-above-stick-meta":"","header-main-stick-meta":"","header-below-stick-meta":"","astra-migrate-meta-layouts":"default","ast-page-background-enabled":"default","ast-page-background-meta":{"desktop":{"background-color":"var(--ast-global-color-5)","background-image":"","background-repeat":"repeat","background-position":"center center","background-size":"auto","background-attachment":"scroll","background-type":"","background-media":"","overlay-type":"","overlay-color":"","overlay-opacity":"","overlay-gradient":""},"tablet":{"background-color":"","background-image":"","background-repeat":"repeat","background-position":"center center","background-size":"auto","background-attachment":"scroll","background-type":"","background-media":"","overlay-type":"","overlay-color":"","overlay-opacity":"","overlay-gradient":""},"mobile":{"background-color":"","background-image":"","background-repeat":"repeat","background-position":"center center","background-size":"auto","background-attachment":"scroll","background-type":"","background-media":"","overlay-type":"","overlay-color":"","overlay-opacity":"","overlay-gradient":""}},"ast-content-background-meta":{"desktop":{"background-color":"var(--ast-global-color-4)","background-image":"","background-repeat":"repeat","background-position":"center center","background-size":"auto","background-attachment":"scroll","background-type":"","background-media":"","overlay-type":"","overlay-color":"","overlay-opacity":"","overlay-gradient":""},"tablet":{"background-color":"var(--ast-global-color-4)","background-image":"","background-repeat":"repeat","background-position":"center center","background-size":"auto","background-attachment":"scroll","background-type":"","background-media":"","overlay-type":"","overlay-color":"","overlay-opacity":"","overlay-gradient":""},"mobile":{"background-color":"var(--ast-global-color-4)","background-image":"","background-repeat":"repeat","background-position":"center center","background-size":"auto","background-attachment":"scroll","background-type":"","background-media":"","overlay-type":"","overlay-color":"","overlay-opacity":"","overlay-gradient":""}},"footnotes":""},"class_list":["post-2677","page","type-page","status-publish","hentry"],"aioseo_notices":[],"_links":{"self":[{"href":"https:\/\/www.kopundesign.de\/en\/wp-json\/wp\/v2\/pages\/2677","targetHints":{"allow":["GET"]}}],"collection":[{"href":"https:\/\/www.kopundesign.de\/en\/wp-json\/wp\/v2\/pages"}],"about":[{"href":"https:\/\/www.kopundesign.de\/en\/wp-json\/wp\/v2\/types\/page"}],"author":[{"embeddable":true,"href":"https:\/\/www.kopundesign.de\/en\/wp-json\/wp\/v2\/users\/1"}],"replies":[{"embeddable":true,"href":"https:\/\/www.kopundesign.de\/en\/wp-json\/wp\/v2\/comments?post=2677"}],"version-history":[{"count":1,"href":"https:\/\/www.kopundesign.de\/en\/wp-json\/wp\/v2\/pages\/2677\/revisions"}],"predecessor-version":[{"id":2678,"href":"https:\/\/www.kopundesign.de\/en\/wp-json\/wp\/v2\/pages\/2677\/revisions\/2678"}],"wp:attachment":[{"href":"https:\/\/www.kopundesign.de\/en\/wp-json\/wp\/v2\/media?parent=2677"}],"curies":[{"name":"wp","href":"https:\/\/api.w.org\/{rel}","templated":true}]}}