
{"id":2664,"date":"2025-05-08T09:27:20","date_gmt":"2025-05-08T09:27:20","guid":{"rendered":"https:\/\/www.kopundesign.de\/?page_id=2664"},"modified":"2025-05-08T11:25:11","modified_gmt":"2025-05-08T11:25:11","slug":"agb","status":"publish","type":"page","link":"https:\/\/www.kopundesign.de\/en\/agb\/","title":{"rendered":"Terms &amp; Conditions"},"content":{"rendered":"<div class=\"wp-block-group is-layout-constrained wp-block-group-is-layout-constrained\">\n<p class=\"wp-block-paragraph\"><strong>Terms &amp; Conditions<\/strong><\/p>\n\n\n\n<p class=\"wp-block-paragraph\"><strong>Scope<\/strong><br>These terms apply to all orders made through our online shop by customers within the EU.<\/p>\n\n\n\n<p class=\"wp-block-paragraph\"><strong>Contract Partner<\/strong><br>The sales contract is concluded with:<br>Kopun Design, Owner Nikola Kopun, Anoniterstra\u00dfe 65, 53179 Bonn, Germany<\/p>\n\n\n\n<p class=\"wp-block-paragraph\"><strong>Payment<\/strong><br>We accept Klarna, credit card, Google Pay and Apple Pay.<\/p>\n\n\n\n<p class=\"wp-block-paragraph\"><strong>Shipping<\/strong><br>Shipping is handled by Deutsche Post or DHL. Delivery times may vary depending on the country.<\/p>\n\n\n\n<p class=\"wp-block-paragraph\"><strong>Right of Withdrawal<\/strong><br>Consumers have a legal right to withdraw within 14 days (see Cancellation Policy).<\/p>\n\n\n\n<p class=\"wp-block-paragraph\"><strong>Retention of Title<\/strong><br>Goods remain our property until full payment is received.<\/p>\n<\/div>","protected":false},"excerpt":{"rendered":"<p>Allgemeine Gesch\u00e4ftsbedingungen (AGB) GeltungsbereichDiese AGB gelten f\u00fcr alle Bestellungen \u00fcber unseren Online-Shop durch Verbraucher innerhalb der EU. VertragspartnerDer Kaufvertrag kommt [&hellip;]<\/p>","protected":false},"author":1,"featured_media":0,"parent":0,"menu_order":0,"comment_status":"closed","ping_status":"closed","template":"","meta":{"_crdt_document":"","site-sidebar-layout":"default","site-content-layout":"","ast-site-content-layout":"","site-content-style":"default","site-sidebar-style":"default","ast-global-header-display":"","ast-banner-title-visibility":"","ast-main-header-display":"","ast-hfb-above-header-display":"","ast-hfb-below-header-display":"","ast-hfb-mobile-header-display":"","site-post-title":"","ast-breadcrumbs-content":"","ast-featured-img":"","footer-sml-layout":"","theme-transparent-header-meta":"","adv-header-id-meta":"","stick-header-meta":"","header-above-stick-meta":"","header-main-stick-meta":"","header-below-stick-meta":"","astra-migrate-meta-layouts":"default","ast-page-background-enabled":"default","ast-page-background-meta":{"desktop":{"background-color":"var(--ast-global-color-5)","background-image":"","background-repeat":"repeat","background-position":"center center","background-size":"auto","background-attachment":"scroll","background-type":"","background-media":"","overlay-type":"","overlay-color":"","overlay-opacity":"","overlay-gradient":""},"tablet":{"background-color":"","background-image":"","background-repeat":"repeat","background-position":"center center","background-size":"auto","background-attachment":"scroll","background-type":"","background-media":"","overlay-type":"","overlay-color":"","overlay-opacity":"","overlay-gradient":""},"mobile":{"background-color":"","background-image":"","background-repeat":"repeat","background-position":"center center","background-size":"auto","background-attachment":"scroll","background-type":"","background-media":"","overlay-type":"","overlay-color":"","overlay-opacity":"","overlay-gradient":""}},"ast-content-background-meta":{"desktop":{"background-color":"var(--ast-global-color-4)","background-image":"","background-repeat":"repeat","background-position":"center center","background-size":"auto","background-attachment":"scroll","background-type":"","background-media":"","overlay-type":"","overlay-color":"","overlay-opacity":"","overlay-gradient":""},"tablet":{"background-color":"var(--ast-global-color-4)","background-image":"","background-repeat":"repeat","background-position":"center center","background-size":"auto","background-attachment":"scroll","background-type":"","background-media":"","overlay-type":"","overlay-color":"","overlay-opacity":"","overlay-gradient":""},"mobile":{"background-color":"var(--ast-global-color-4)","background-image":"","background-repeat":"repeat","background-position":"center center","background-size":"auto","background-attachment":"scroll","background-type":"","background-media":"","overlay-type":"","overlay-color":"","overlay-opacity":"","overlay-gradient":""}},"footnotes":""},"class_list":["post-2664","page","type-page","status-publish","hentry"],"aioseo_notices":[],"_links":{"self":[{"href":"https:\/\/www.kopundesign.de\/en\/wp-json\/wp\/v2\/pages\/2664","targetHints":{"allow":["GET"]}}],"collection":[{"href":"https:\/\/www.kopundesign.de\/en\/wp-json\/wp\/v2\/pages"}],"about":[{"href":"https:\/\/www.kopundesign.de\/en\/wp-json\/wp\/v2\/types\/page"}],"author":[{"embeddable":true,"href":"https:\/\/www.kopundesign.de\/en\/wp-json\/wp\/v2\/users\/1"}],"replies":[{"embeddable":true,"href":"https:\/\/www.kopundesign.de\/en\/wp-json\/wp\/v2\/comments?post=2664"}],"version-history":[{"count":4,"href":"https:\/\/www.kopundesign.de\/en\/wp-json\/wp\/v2\/pages\/2664\/revisions"}],"predecessor-version":[{"id":2705,"href":"https:\/\/www.kopundesign.de\/en\/wp-json\/wp\/v2\/pages\/2664\/revisions\/2705"}],"wp:attachment":[{"href":"https:\/\/www.kopundesign.de\/en\/wp-json\/wp\/v2\/media?parent=2664"}],"curies":[{"name":"wp","href":"https:\/\/api.w.org\/{rel}","templated":true}]}}