
{"id":2161,"date":"2020-08-25T12:04:18","date_gmt":"2020-08-25T12:04:18","guid":{"rendered":"http:\/\/kopundesign.de\/about\/"},"modified":"2025-05-25T21:42:41","modified_gmt":"2025-05-25T21:42:41","slug":"uber-uns","status":"publish","type":"page","link":"https:\/\/www.kopundesign.de\/en\/uber-uns\/","title":{"rendered":"About Us"},"content":{"rendered":"<div class=\"wp-block-columns are-vertically-aligned-center is-layout-flex wp-container-core-columns-is-layout-28f84493 wp-block-columns-is-layout-flex\">\n<div class=\"wp-block-column is-vertically-aligned-center is-layout-flow wp-block-column-is-layout-flow\"><\/div>\n<\/div>\n\n\n\n<div class=\"wp-block-columns are-vertically-aligned-center is-light has-background is-layout-flex wp-container-core-columns-is-layout-28f84493 wp-block-columns-is-layout-flex\" style=\"background:linear-gradient(140deg,rgb(255,255,255) 0%,rgba(242,245,247,0.87) 100%)\">\n<div class=\"wp-block-column is-layout-flow wp-block-column-is-layout-flow\" style=\"flex-basis:25%\"><\/div>\n\n\n\n<div class=\"wp-block-column is-vertically-aligned-center is-layout-flow wp-block-column-is-layout-flow\" style=\"flex-basis:50%\">\n<h1 class=\"wp-block-heading has-text-align-center has-text-color\" style=\"color:#415161\">About Us<\/h1>\n\n\n\n<figure class=\"wp-block-image aligncenter size-medium\"><img decoding=\"async\" src=\"data:image\/gif;base64,R0lGODlhAQABAIAAAAAAAP\/\/\/yH5BAEAAAAALAAAAAABAAEAAAIBRAA7\" data-src=\"https:\/\/www.kopundesign.de\/wp-content\/uploads\/2025\/02\/Logo-za-About-Us-Page-300x107.png\" alt=\"\" class=\"wp-image-2388 lazyload\"\/><noscript><img decoding=\"async\" width=\"300\" height=\"107\" src=\"https:\/\/www.kopundesign.de\/wp-content\/uploads\/2025\/02\/Logo-za-About-Us-Page-300x107.png\" alt=\"\" class=\"wp-image-2388 lazyload\" srcset=\"https:\/\/www.kopundesign.de\/wp-content\/uploads\/2025\/02\/Logo-za-About-Us-Page-300x107.png 300w, https:\/\/www.kopundesign.de\/wp-content\/uploads\/2025\/02\/Logo-za-About-Us-Page-18x6.png 18w, https:\/\/www.kopundesign.de\/wp-content\/uploads\/2025\/02\/Logo-za-About-Us-Page.png 500w\" sizes=\"(max-width: 300px) 100vw, 300px\" \/><\/noscript><\/figure>\n\n\n\n<p class=\"has-text-align-center has-text-color wp-block-paragraph translation-block\" style=\"color:#415161\">Welcome to <strong>Kopun Design<\/strong>, your creative partner for tailored designs and innovative solutions!<\/p>\n\n\n\n<p class=\"has-text-align-center wp-block-paragraph\">We are a creative sole proprietorship based in Germany, specializing in the following areas:<\/p>\n\n\n\n<p class=\"has-text-align-center wp-block-paragraph\">\ud83d\udda8 <strong>3D-Printing<\/strong> \u2013 High-quality and precise 3D prints for individual projects, prototypes, or small series.<br>\ud83c\udf10 <strong>Webdesign<\/strong> \u2013 Modern, functional websites tailored perfectly to your needs.<br>\ud83d\udcbb <strong>PC-Technic<\/strong> \u2013 Support with hardware, software, and custom PC solutions.<br>\ud83c\udfa8 <strong>Textile Printing &amp; Image Editing<\/strong> \u2013 High-quality prints for clothing and accessories, plus professional image editing.<\/p>\n\n\n\n<p class=\"has-text-align-center wp-block-paragraph\">Our Goal: <strong>practical, creative, and efficient solutions<\/strong>that are precisely tailored to our clients needs.<br>Whether you're a startup, small business, or private individual \u2013 we bring your ideas to life professionally.<\/p>\n<\/div>\n\n\n\n<div class=\"wp-block-column is-layout-flow wp-block-column-is-layout-flow\" style=\"flex-basis:25%\"><\/div>\n<\/div>\n\n\n\n<div class=\"wp-block-group has-background is-layout-flow wp-block-group-is-layout-flow\" style=\"background-color:#ff5151\">\n<div class=\"wp-block-columns are-vertically-aligned-center is-layout-flex wp-container-core-columns-is-layout-28f84493 wp-block-columns-is-layout-flex\">\n<div class=\"wp-block-column is-vertically-aligned-center is-layout-flow wp-block-column-is-layout-flow\" style=\"flex-basis:65%\">\n<h2 class=\"wp-block-heading has-text-align-center has-white-color has-text-color\">\ud83d\udce9 Contact us for personal offer!<\/h2>\n<\/div>\n\n\n\n<div class=\"wp-block-column is-vertically-aligned-center is-layout-flow wp-block-column-is-layout-flow\" style=\"flex-basis:45%\">\n<div class=\"wp-block-buttons is-content-justification-center is-layout-flex wp-container-core-buttons-is-layout-a89b3969 wp-block-buttons-is-layout-flex\">\n<div class=\"wp-block-button is-style-outline is-style-outline--1\"><a class=\"wp-block-button__link has-ast-global-color-4-color has-ast-global-color-0-background-color has-text-color has-background wp-element-button\" href=\"https:\/\/www.kopundesign.de\/en\/kontakt\/\">CONTACT<\/a><\/div>\n<\/div>\n<\/div>\n<\/div>\n<\/div>","protected":false},"excerpt":{"rendered":"<p>\u00dcber uns Willkommen bei Kopun Design, Ihrem kreativen Partner f\u00fcr ma\u00dfgeschneiderte Designs und innovative L\u00f6sungen! Wir sind ein kreatives Einzelunternehmen [&hellip;]<\/p>","protected":false},"author":1,"featured_media":0,"parent":0,"menu_order":0,"comment_status":"closed","ping_status":"closed","template":"","meta":{"_crdt_document":"","site-sidebar-layout":"no-sidebar","site-content-layout":"plain-container","ast-site-content-layout":"","site-content-style":"default","site-sidebar-style":"default","ast-global-header-display":"","ast-banner-title-visibility":"","ast-main-header-display":"","ast-hfb-above-header-display":"","ast-hfb-below-header-display":"","ast-hfb-mobile-header-display":"","site-post-title":"disabled","ast-breadcrumbs-content":"","ast-featured-img":"disabled","footer-sml-layout":"","theme-transparent-header-meta":"enabled","adv-header-id-meta":"","stick-header-meta":"","header-above-stick-meta":"","header-main-stick-meta":"","header-below-stick-meta":"","astra-migrate-meta-layouts":"default","ast-page-background-enabled":"default","ast-page-background-meta":{"desktop":{"background-color":"var(--ast-global-color-5)","background-image":"","background-repeat":"repeat","background-position":"center center","background-size":"auto","background-attachment":"scroll","background-type":"","background-media":"","overlay-type":"","overlay-color":"","overlay-opacity":"","overlay-gradient":""},"tablet":{"background-color":"","background-image":"","background-repeat":"repeat","background-position":"center center","background-size":"auto","background-attachment":"scroll","background-type":"","background-media":"","overlay-type":"","overlay-color":"","overlay-opacity":"","overlay-gradient":""},"mobile":{"background-color":"","background-image":"","background-repeat":"repeat","background-position":"center center","background-size":"auto","background-attachment":"scroll","background-type":"","background-media":"","overlay-type":"","overlay-color":"","overlay-opacity":"","overlay-gradient":""}},"ast-content-background-meta":{"desktop":{"background-color":"var(--ast-global-color-4)","background-image":"","background-repeat":"repeat","background-position":"center center","background-size":"auto","background-attachment":"scroll","background-type":"","background-media":"","overlay-type":"","overlay-color":"","overlay-opacity":"","overlay-gradient":""},"tablet":{"background-color":"var(--ast-global-color-4)","background-image":"","background-repeat":"repeat","background-position":"center center","background-size":"auto","background-attachment":"scroll","background-type":"","background-media":"","overlay-type":"","overlay-color":"","overlay-opacity":"","overlay-gradient":""},"mobile":{"background-color":"var(--ast-global-color-4)","background-image":"","background-repeat":"repeat","background-position":"center center","background-size":"auto","background-attachment":"scroll","background-type":"","background-media":"","overlay-type":"","overlay-color":"","overlay-opacity":"","overlay-gradient":""}},"footnotes":""},"class_list":["post-2161","page","type-page","status-publish","hentry"],"aioseo_notices":[],"_links":{"self":[{"href":"https:\/\/www.kopundesign.de\/en\/wp-json\/wp\/v2\/pages\/2161","targetHints":{"allow":["GET"]}}],"collection":[{"href":"https:\/\/www.kopundesign.de\/en\/wp-json\/wp\/v2\/pages"}],"about":[{"href":"https:\/\/www.kopundesign.de\/en\/wp-json\/wp\/v2\/types\/page"}],"author":[{"embeddable":true,"href":"https:\/\/www.kopundesign.de\/en\/wp-json\/wp\/v2\/users\/1"}],"replies":[{"embeddable":true,"href":"https:\/\/www.kopundesign.de\/en\/wp-json\/wp\/v2\/comments?post=2161"}],"version-history":[{"count":13,"href":"https:\/\/www.kopundesign.de\/en\/wp-json\/wp\/v2\/pages\/2161\/revisions"}],"predecessor-version":[{"id":2871,"href":"https:\/\/www.kopundesign.de\/en\/wp-json\/wp\/v2\/pages\/2161\/revisions\/2871"}],"wp:attachment":[{"href":"https:\/\/www.kopundesign.de\/en\/wp-json\/wp\/v2\/media?parent=2161"}],"curies":[{"name":"wp","href":"https:\/\/api.w.org\/{rel}","templated":true}]}}